{"id":40,"date":"2015-09-21T17:19:11","date_gmt":"2015-09-21T15:19:11","guid":{"rendered":"http:\/\/hkg.at\/fr\/?page_id=40"},"modified":"2017-08-24T10:43:42","modified_gmt":"2017-08-24T08:43:42","slug":"entreprise","status":"publish","type":"page","link":"http:\/\/hkg.at\/fr\/entreprise","title":{"rendered":"Entreprise"},"content":{"rendered":"<h1>Habillez-vous avec HKG Embroideries.<\/h1>\n<table>\n<tbody>\n<tr>\n<td>\n<p>Nous avons toujours \u00e9t\u00e9 fid\u00e8les \u00e0 un credo tr\u00e8s particulier : l\u2019amour de la qualit\u00e9. C\u2019est ce que montre en d\u00e9tail le caract\u00e8re propre de la collection. Nous suivons \u00e0 cet effet la voie du modernisme classique. La fr\u00e9n\u00e9sie n&rsquo;a pas sa place ici. Nous \u0153uvrons pour le d\u00e9veloppement continu, l&rsquo;estime des hommes et des ressources ainsi que le d\u00e9sir d&rsquo;innovation.<\/p>\n<p>&nbsp;<\/p>\n<p>Nous sommes profond\u00e9ment ancr\u00e9s dans notre r\u00e9gion, dans le but de concevoir notre collection pour chaque \u00e9poque respective.<\/p>\n<p>&nbsp;<\/p>\n<\/td>\n<td>\n<p><span style=\"font-family: 'Source Sans Pro';\"><span style=\"font-size: 14px;\">ENTREPRISE\u00a0<\/span><\/span><\/p>\n<p>HKG Embroideries a \u00e9t\u00e9 fond\u00e9e en 1956 \u00e0 Lustenau par Josef\u00a0Rupert\u00a0Hofer (1929 \u2013 2012). C\u2019est une entreprise familiale qui en est actuellement \u00e0 sa deuxi\u00e8me et troisi\u00e8me g\u00e9n\u00e9rations.<\/p>\n<p>&nbsp;<\/p>\n<\/td>\n<\/tr>\n<\/tbody>\n<\/table>\n<figure id=\"attachment_150\" aria-describedby=\"caption-attachment-150\" style=\"width: 660px\" class=\"wp-caption alignnone\"><img loading=\"lazy\" decoding=\"async\" class=\"wp-image-150 size-large\" src=\"http:\/\/hkg.at\/wp-content\/uploads\/2015\/09\/HKG-JosefRupertHofer-WEB-1024x683.jpeg\" alt=\"Josef Rupert Hofer\" width=\"660\" height=\"440\" srcset=\"http:\/\/hkg.at\/wp-content\/uploads\/2015\/09\/HKG-JosefRupertHofer-WEB-1024x683.jpeg 1024w, http:\/\/hkg.at\/wp-content\/uploads\/2015\/09\/HKG-JosefRupertHofer-WEB-300x200.jpeg 300w, http:\/\/hkg.at\/wp-content\/uploads\/2015\/09\/HKG-JosefRupertHofer-WEB.jpeg 1280w\" sizes=\"auto, (max-width: 660px) 100vw, 660px\" \/><figcaption id=\"caption-attachment-150\" class=\"wp-caption-text\">Josef Rupert Hofer<\/figcaption><\/figure>\n","protected":false},"excerpt":{"rendered":"<p>Habillez-vous avec HKG Embroideries. Nous avons toujours \u00e9t\u00e9 fid\u00e8les \u00e0 un credo tr\u00e8s particulier : l\u2019amour de la qualit\u00e9. C\u2019est ce que montre en d\u00e9tail le caract\u00e8re propre de la collection. Nous suivons \u00e0 cet effet la voie du modernisme classique. La fr\u00e9n\u00e9sie n&rsquo;a pas sa place ici. Nous \u0153uvrons pour le d\u00e9veloppement continu, l&rsquo;estime &hellip; <a href=\"http:\/\/hkg.at\/fr\/entreprise\" class=\"more-link\">Continue reading <span class=\"screen-reader-text\">Entreprise<\/span><\/a><\/p>\n","protected":false},"author":1,"featured_media":0,"parent":0,"menu_order":6,"comment_status":"closed","ping_status":"closed","template":"","meta":{"_acf_changed":false,"footnotes":""},"class_list":["post-40","page","type-page","status-publish","hentry"],"acf":[],"_links":{"self":[{"href":"http:\/\/hkg.at\/fr\/wp-json\/wp\/v2\/pages\/40","targetHints":{"allow":["GET"]}}],"collection":[{"href":"http:\/\/hkg.at\/fr\/wp-json\/wp\/v2\/pages"}],"about":[{"href":"http:\/\/hkg.at\/fr\/wp-json\/wp\/v2\/types\/page"}],"author":[{"embeddable":true,"href":"http:\/\/hkg.at\/fr\/wp-json\/wp\/v2\/users\/1"}],"replies":[{"embeddable":true,"href":"http:\/\/hkg.at\/fr\/wp-json\/wp\/v2\/comments?post=40"}],"version-history":[{"count":0,"href":"http:\/\/hkg.at\/fr\/wp-json\/wp\/v2\/pages\/40\/revisions"}],"wp:attachment":[{"href":"http:\/\/hkg.at\/fr\/wp-json\/wp\/v2\/media?parent=40"}],"curies":[{"name":"wp","href":"https:\/\/api.w.org\/{rel}","templated":true}]}}